{"id":1977,"date":"2019-03-22T18:15:42","date_gmt":"2019-03-22T15:15:42","guid":{"rendered":"https:\/\/argelabs.com.tr\/?page_id=1977"},"modified":"2024-12-31T02:48:31","modified_gmt":"2024-12-30T23:48:31","slug":"yeni-nesil-uygulama-gelistirme-platformu","status":"publish","type":"page","link":"https:\/\/argelabs.com.tr\/us\/yeni-nesil-uygulama-gelistirme-platformu\/","title":{"rendered":"Yeni Nesil Uygulama Geli\u015ftirme Platformu"},"content":{"rendered":"\t\t<div data-elementor-type=\"wp-page\" data-elementor-id=\"1977\" class=\"elementor elementor-1977\">\n\t\t\t\t\t\t<section class=\"elementor-section elementor-top-section elementor-element elementor-element-e316676 elementor-section-height-min-height elementor-section-boxed elementor-section-height-default elementor-section-items-middle\" data-id=\"e316676\" data-element_type=\"section\" data-settings=\"{&quot;background_background&quot;:&quot;gradient&quot;}\">\n\t\t\t\t\t\t<div class=\"elementor-container elementor-column-gap-default\">\n\t\t\t\t\t<div class=\"elementor-column elementor-col-100 elementor-top-column elementor-element elementor-element-228ab26\" data-id=\"228ab26\" data-element_type=\"column\">\n\t\t\t<div class=\"elementor-widget-wrap elementor-element-populated\">\n\t\t\t\t\t\t<div class=\"elementor-element elementor-element-d5356a2 elementor-widget elementor-widget-heading\" data-id=\"d5356a2\" data-element_type=\"widget\" data-widget_type=\"heading.default\">\n\t\t\t\t<div class=\"elementor-widget-container\">\n\t\t\t\t\t<h1 class=\"elementor-heading-title elementor-size-default\">Next Generation Application Development Platform<\/h1>\t\t\t\t<\/div>\n\t\t\t\t<\/div>\n\t\t\t\t\t<\/div>\n\t\t<\/div>\n\t\t\t\t\t<\/div>\n\t\t<\/section>\n\t\t\t\t<section class=\"elementor-section elementor-top-section elementor-element elementor-element-62ab376 elementor-section-boxed elementor-section-height-default elementor-section-height-default\" data-id=\"62ab376\" data-element_type=\"section\">\n\t\t\t\t\t\t<div class=\"elementor-container elementor-column-gap-default\">\n\t\t\t\t\t<div class=\"elementor-column elementor-col-100 elementor-top-column elementor-element elementor-element-b7b925c\" data-id=\"b7b925c\" data-element_type=\"column\">\n\t\t\t<div class=\"elementor-widget-wrap elementor-element-populated\">\n\t\t\t\t\t\t<div class=\"elementor-element elementor-element-a66cfce elementor-widget elementor-widget-text-editor\" data-id=\"a66cfce\" data-element_type=\"widget\" data-widget_type=\"text-editor.default\">\n\t\t\t\t<div class=\"elementor-widget-container\">\n\t\t\t\t\t\t\t\t\t<p>The Next Generation Application Development Platform is the platform where organizations can easily develop applications tailored to their needs. The most important advantages of the platform are as follows:<\/p><ul><li><strong>Fast Development; <\/strong>Development speed increases as there are ready-made templates. It contributes to Agile Project Management. It reduces the development cost by 80%.<\/li><li><strong>Standard Development;<\/strong> standard software architecture and programmers&#8217; practices are similar.<\/li><li><strong>Open Architecture;<\/strong> Developments can be made to meet all kinds of needs.<\/li><li><strong>Programmer Independent;<\/strong> every programmer can easily support the applications.<\/li><\/ul><p>Some of the general features of the platform are the following:<\/p><ul><li>Access to applications with active directory<br \/>Periodic retrieval of the organization from other systems<br \/>Ability to change column order, add and remove columns in customized views<br \/>For each column on the view; equal, containing, not containing, large, small, two date range, etc. search can be done.<br \/>Search records can be stored for later use<br \/>Exporting search results for each view to Excel, Word, Pdf<br \/>Grouping in view, giving subtotals<br \/>Date range proxy system for approvals<br \/>Automatic flow initiation and full integration web service support from other systems used within the organization<br \/>Complete work on IE, CHROME, FIREFOX<br \/>Access apps from other systems without asking for a password<br \/>Internal and external mailing system<br \/>Attach unlimited number of files to forms<br \/>Logging of transactions and approvals made on the form<br \/>Auto complete property in ComboBoxes used in the form<\/li><li>Defining a detailed organization and using this organization for authorization<br \/>Authorization system based on person, group and role<br \/>Support for auto-remembering users<br \/>Unlimited color and theme support<br \/>Video tutorial section for users to get up and running with the app quickly<br \/>Dashboard infrastructure in reporting<br \/>Scheduler support in applications<br \/>Enabling viewing of documents with viewer without downloading<br \/>Ability to edit Word and Excel documents on the web without downloading them<br \/>Passing field values to the desired regions in Word and Excel documents<br \/>Providing infrastructure for the preparation of print forms, quickly obtaining the desired smooth prints and previewing<br \/>Keeping a history of who and how many hours it was approved by whom during the approval process and reporting at which stages the processes are stuck<br \/>The form can be divided into sections, the user can make changes only in the authorized sections<br \/>The user can choose the desired screen colors<br \/>Each user can see or make changes to the fields on the forms within their authorization<\/li><li>Ability to add as many documents as desired on the forms<br \/>Documents can be added via computer or previously prepared draft documents<br \/>Easy version tracking of documents<br \/>With drag and drop reports, the user can design customized reports as desired and export them to Excel<br \/>Dashboard reports for senior management can be easily designed and made available to users with the desired authorization<br \/>Ability to scan paper documents to digital media via the web<br \/>Ability to use the calendar module that helps planning in cases where dates and references are required<br \/>Designing print forms in the desired format and placing them on the paper as desired and printing without any slippage<\/li><\/ul>\t\t\t\t\t\t\t\t<\/div>\n\t\t\t\t<\/div>\n\t\t\t\t<div class=\"elementor-element elementor-element-c493dad elementor-widget elementor-widget-spacer\" data-id=\"c493dad\" data-element_type=\"widget\" data-widget_type=\"spacer.default\">\n\t\t\t\t<div class=\"elementor-widget-container\">\n\t\t\t\t\t\t\t<div class=\"elementor-spacer\">\n\t\t\t<div class=\"elementor-spacer-inner\"><\/div>\n\t\t<\/div>\n\t\t\t\t\t\t<\/div>\n\t\t\t\t<\/div>\n\t\t\t\t\t<\/div>\n\t\t<\/div>\n\t\t\t\t\t<\/div>\n\t\t<\/section>\n\t\t\t\t<section class=\"elementor-section elementor-top-section elementor-element elementor-element-8b0134b elementor-section-boxed elementor-section-height-default elementor-section-height-default\" data-id=\"8b0134b\" data-element_type=\"section\">\n\t\t\t\t\t\t<div class=\"elementor-container elementor-column-gap-default\">\n\t\t\t\t\t<div class=\"elementor-column elementor-col-100 elementor-top-column elementor-element elementor-element-1d708d2\" data-id=\"1d708d2\" data-element_type=\"column\">\n\t\t\t<div class=\"elementor-widget-wrap elementor-element-populated\">\n\t\t\t\t\t\t<div class=\"elementor-element elementor-element-b890d25 elementor-widget elementor-widget-heading\" data-id=\"b890d25\" data-element_type=\"widget\" data-widget_type=\"heading.default\">\n\t\t\t\t<div class=\"elementor-widget-container\">\n\t\t\t\t\t<h2 class=\"elementor-heading-title elementor-size-default\">Mobile and Web Application Development<\/h2>\t\t\t\t<\/div>\n\t\t\t\t<\/div>\n\t\t\t\t<div class=\"elementor-element elementor-element-a32edc4 elementor-widget elementor-widget-text-editor\" data-id=\"a32edc4\" data-element_type=\"widget\" data-widget_type=\"text-editor.default\">\n\t\t\t\t<div class=\"elementor-widget-container\">\n\t\t\t\t\t\t\t\t\t<p style=\"text-align: center;\">We can develop custom web and mobile applications for your organization and provide support for your existing applications.<\/p>\t\t\t\t\t\t\t\t<\/div>\n\t\t\t\t<\/div>\n\t\t\t\t\t<\/div>\n\t\t<\/div>\n\t\t\t\t\t<\/div>\n\t\t<\/section>\n\t\t\t\t<section class=\"elementor-section elementor-top-section elementor-element elementor-element-ae05fb7 elementor-section-boxed elementor-section-height-default elementor-section-height-default\" data-id=\"ae05fb7\" data-element_type=\"section\">\n\t\t\t\t\t\t<div class=\"elementor-container elementor-column-gap-default\">\n\t\t\t\t\t<div class=\"elementor-column elementor-col-50 elementor-top-column elementor-element elementor-element-519bd8b\" data-id=\"519bd8b\" data-element_type=\"column\">\n\t\t\t<div class=\"elementor-widget-wrap elementor-element-populated\">\n\t\t\t\t\t\t<div class=\"elementor-element elementor-element-ca34b15 elementor-icon-list--layout-traditional elementor-list-item-link-full_width elementor-widget elementor-widget-icon-list\" data-id=\"ca34b15\" data-element_type=\"widget\" data-widget_type=\"icon-list.default\">\n\t\t\t\t<div class=\"elementor-widget-container\">\n\t\t\t\t\t\t\t<ul class=\"elementor-icon-list-items\">\n\t\t\t\t\t\t\t<li class=\"elementor-icon-list-item\">\n\t\t\t\t\t\t\t\t\t\t\t<span class=\"elementor-icon-list-icon\">\n\t\t\t\t\t\t\t<i aria-hidden=\"true\" class=\"fas fa-check\"><\/i>\t\t\t\t\t\t<\/span>\n\t\t\t\t\t\t\t\t\t\t<span class=\"elementor-icon-list-text\">Understanding your needs with detailed analysis<\/span>\n\t\t\t\t\t\t\t\t\t<\/li>\n\t\t\t\t\t\t\t\t<li class=\"elementor-icon-list-item\">\n\t\t\t\t\t\t\t\t\t\t\t<span class=\"elementor-icon-list-icon\">\n\t\t\t\t\t\t\t<i aria-hidden=\"true\" class=\"fas fa-check\"><\/i>\t\t\t\t\t\t<\/span>\n\t\t\t\t\t\t\t\t\t\t<span class=\"elementor-icon-list-text\">Project plan and proposal presentation<\/span>\n\t\t\t\t\t\t\t\t\t<\/li>\n\t\t\t\t\t\t\t\t<li class=\"elementor-icon-list-item\">\n\t\t\t\t\t\t\t\t\t\t\t<span class=\"elementor-icon-list-icon\">\n\t\t\t\t\t\t\t<i aria-hidden=\"true\" class=\"fas fa-check\"><\/i>\t\t\t\t\t\t<\/span>\n\t\t\t\t\t\t\t\t\t\t<span class=\"elementor-icon-list-text\">Process management practices<\/span>\n\t\t\t\t\t\t\t\t\t<\/li>\n\t\t\t\t\t\t\t\t<li class=\"elementor-icon-list-item\">\n\t\t\t\t\t\t\t\t\t\t\t<span class=\"elementor-icon-list-icon\">\n\t\t\t\t\t\t\t<i aria-hidden=\"true\" class=\"fas fa-check\"><\/i>\t\t\t\t\t\t<\/span>\n\t\t\t\t\t\t\t\t\t\t<span class=\"elementor-icon-list-text\">Mobile or web applications<\/span>\n\t\t\t\t\t\t\t\t\t<\/li>\n\t\t\t\t\t\t\t\t<li class=\"elementor-icon-list-item\">\n\t\t\t\t\t\t\t\t\t\t\t<span class=\"elementor-icon-list-icon\">\n\t\t\t\t\t\t\t<i aria-hidden=\"true\" class=\"fas fa-check\"><\/i>\t\t\t\t\t\t<\/span>\n\t\t\t\t\t\t\t\t\t\t<span class=\"elementor-icon-list-text\">Mobile websites<\/span>\n\t\t\t\t\t\t\t\t\t<\/li>\n\t\t\t\t\t\t\t\t<li class=\"elementor-icon-list-item\">\n\t\t\t\t\t\t\t\t\t\t\t<span class=\"elementor-icon-list-icon\">\n\t\t\t\t\t\t\t<i aria-hidden=\"true\" class=\"fas fa-check\"><\/i>\t\t\t\t\t\t<\/span>\n\t\t\t\t\t\t\t\t\t\t<span class=\"elementor-icon-list-text\">Social media or loyalty apps<\/span>\n\t\t\t\t\t\t\t\t\t<\/li>\n\t\t\t\t\t\t<\/ul>\n\t\t\t\t\t\t<\/div>\n\t\t\t\t<\/div>\n\t\t\t\t<div class=\"elementor-element elementor-element-c7b401a elementor-widget elementor-widget-text-editor\" data-id=\"c7b401a\" data-element_type=\"widget\" data-widget_type=\"text-editor.default\">\n\t\t\t\t<div class=\"elementor-widget-container\">\n\t\t\t\t\t\t\t\t\t<p>For Detailed Information: <a href=\"https:\/\/argelabs.com.tr\/mobil-ve-web-uygulama-gelistirme\/\">Mobile and Web Application Development<\/a><\/p>\t\t\t\t\t\t\t\t<\/div>\n\t\t\t\t<\/div>\n\t\t\t\t\t<\/div>\n\t\t<\/div>\n\t\t\t\t<div class=\"elementor-column elementor-col-50 elementor-top-column elementor-element elementor-element-ba80f28\" data-id=\"ba80f28\" data-element_type=\"column\">\n\t\t\t<div class=\"elementor-widget-wrap elementor-element-populated\">\n\t\t\t\t\t\t<div class=\"elementor-element elementor-element-d16bf27 elementor-widget elementor-widget-image\" data-id=\"d16bf27\" data-element_type=\"widget\" data-widget_type=\"image.default\">\n\t\t\t\t<div class=\"elementor-widget-container\">\n\t\t\t\t\t\t\t\t\t\t\t\t\t\t\t<img fetchpriority=\"high\" decoding=\"async\" width=\"480\" height=\"271\" src=\"https:\/\/argelabs.com.tr\/us\/wp-content\/uploads\/2013\/10\/ozel_web_mobil_uygulama.png\" class=\"attachment-large size-large wp-image-1606\" alt=\"ozel-web-mobil-uygulama\" srcset=\"https:\/\/argelabs.com.tr\/us\/wp-content\/uploads\/2013\/10\/ozel_web_mobil_uygulama.png 480w, https:\/\/argelabs.com.tr\/us\/wp-content\/uploads\/2013\/10\/ozel_web_mobil_uygulama-300x169.png 300w\" sizes=\"(max-width: 480px) 100vw, 480px\" \/>\t\t\t\t\t\t\t\t\t\t\t\t\t\t\t<\/div>\n\t\t\t\t<\/div>\n\t\t\t\t\t<\/div>\n\t\t<\/div>\n\t\t\t\t\t<\/div>\n\t\t<\/section>\n\t\t\t\t<\/div>\n\t\t","protected":false},"excerpt":{"rendered":"<p>Next Generation Application Development Platform The Next Generation Application Development Platform is the platform where organizations can easily develop applications tailored to their needs. The most important advantages of the platform are as follows: Fast Development; Development speed increases as there are ready-made templates. It contributes to Agile Project Management. It reduces the development cost&hellip;&nbsp;<a href=\"https:\/\/argelabs.com.tr\/us\/yeni-nesil-uygulama-gelistirme-platformu\/\" rel=\"bookmark\">Daha fazlas\u0131n\u0131 oku &raquo;<span class=\"screen-reader-text\">Yeni Nesil Uygulama Geli\u015ftirme Platformu<\/span><\/a><\/p>\n","protected":false},"author":2,"featured_media":0,"parent":0,"menu_order":0,"comment_status":"closed","ping_status":"closed","template":"elementor_header_footer","meta":{"neve_meta_sidebar":"default","neve_meta_container":"default","neve_meta_enable_content_width":"off","neve_meta_content_width":70,"neve_meta_title_alignment":"","neve_meta_author_avatar":"","neve_post_elements_order":"","neve_meta_disable_header":"off","neve_meta_disable_footer":"off","neve_meta_disable_title":"off","footnotes":""},"class_list":["post-1977","page","type-page","status-publish","hentry"],"yoast_head":"<!-- This site is optimized with the Yoast SEO plugin v25.5 - https:\/\/yoast.com\/wordpress\/plugins\/seo\/ -->\n<title>Yeni Nesil Uygulama Geli\u015ftirme Platformu - ArgeLabs Bili\u015fim Teknolojileri<\/title>\n<meta name=\"robots\" content=\"index, follow, max-snippet:-1, max-image-preview:large, max-video-preview:-1\" \/>\n<link rel=\"canonical\" href=\"https:\/\/argelabs.com.tr\/us\/yeni-nesil-uygulama-gelistirme-platformu\/\" \/>\n<meta property=\"og:locale\" content=\"tr_TR\" \/>\n<meta property=\"og:type\" content=\"article\" \/>\n<meta property=\"og:title\" content=\"Yeni Nesil Uygulama Geli\u015ftirme Platformu - ArgeLabs Bili\u015fim Teknolojileri\" \/>\n<meta property=\"og:description\" content=\"Next Generation Application Development Platform The Next Generation Application Development Platform is the platform where organizations can easily develop applications tailored to their needs. The most important advantages of the platform are as follows: Fast Development; Development speed increases as there are ready-made templates. It contributes to Agile Project Management. It reduces the development cost&hellip;&nbsp;Daha fazlas\u0131n\u0131 oku &raquo;Yeni Nesil Uygulama Geli\u015ftirme Platformu\" \/>\n<meta property=\"og:url\" content=\"https:\/\/argelabs.com.tr\/us\/yeni-nesil-uygulama-gelistirme-platformu\/\" \/>\n<meta property=\"og:site_name\" content=\"ArgeLabs Bili\u015fim Teknolojileri\" \/>\n<meta property=\"article:modified_time\" content=\"2024-12-30T23:48:31+00:00\" \/>\n<meta property=\"og:image\" content=\"https:\/\/argelabs.com.tr\/us\/wp-content\/uploads\/2013\/10\/ozel_web_mobil_uygulama.png\" \/>\n<meta name=\"twitter:card\" content=\"summary_large_image\" \/>\n<meta name=\"twitter:label1\" content=\"Tahmini okuma s\u00fcresi\" \/>\n\t<meta name=\"twitter:data1\" content=\"3 dakika\" \/>\n<script type=\"application\/ld+json\" class=\"yoast-schema-graph\">{\"@context\":\"https:\/\/schema.org\",\"@graph\":[{\"@type\":\"WebPage\",\"@id\":\"https:\/\/argelabs.com.tr\/us\/yeni-nesil-uygulama-gelistirme-platformu\/\",\"url\":\"https:\/\/argelabs.com.tr\/us\/yeni-nesil-uygulama-gelistirme-platformu\/\",\"name\":\"Yeni Nesil Uygulama Geli\u015ftirme Platformu - ArgeLabs Bili\u015fim Teknolojileri\",\"isPartOf\":{\"@id\":\"https:\/\/argelabs.com.tr\/us\/#website\"},\"primaryImageOfPage\":{\"@id\":\"https:\/\/argelabs.com.tr\/us\/yeni-nesil-uygulama-gelistirme-platformu\/#primaryimage\"},\"image\":{\"@id\":\"https:\/\/argelabs.com.tr\/us\/yeni-nesil-uygulama-gelistirme-platformu\/#primaryimage\"},\"thumbnailUrl\":\"https:\/\/argelabs.com.tr\/us\/wp-content\/uploads\/2013\/10\/ozel_web_mobil_uygulama.png\",\"datePublished\":\"2019-03-22T15:15:42+00:00\",\"dateModified\":\"2024-12-30T23:48:31+00:00\",\"breadcrumb\":{\"@id\":\"https:\/\/argelabs.com.tr\/us\/yeni-nesil-uygulama-gelistirme-platformu\/#breadcrumb\"},\"inLanguage\":\"tr\",\"potentialAction\":[{\"@type\":\"ReadAction\",\"target\":[\"https:\/\/argelabs.com.tr\/us\/yeni-nesil-uygulama-gelistirme-platformu\/\"]}]},{\"@type\":\"ImageObject\",\"inLanguage\":\"tr\",\"@id\":\"https:\/\/argelabs.com.tr\/us\/yeni-nesil-uygulama-gelistirme-platformu\/#primaryimage\",\"url\":\"https:\/\/argelabs.com.tr\/us\/wp-content\/uploads\/2013\/10\/ozel_web_mobil_uygulama.png\",\"contentUrl\":\"https:\/\/argelabs.com.tr\/us\/wp-content\/uploads\/2013\/10\/ozel_web_mobil_uygulama.png\",\"width\":480,\"height\":271,\"caption\":\"ozel-web-mobil-uygulama\"},{\"@type\":\"BreadcrumbList\",\"@id\":\"https:\/\/argelabs.com.tr\/us\/yeni-nesil-uygulama-gelistirme-platformu\/#breadcrumb\",\"itemListElement\":[{\"@type\":\"ListItem\",\"position\":1,\"name\":\"Anasayfa\",\"item\":\"https:\/\/argelabs.com.tr\/us\/\"},{\"@type\":\"ListItem\",\"position\":2,\"name\":\"Yeni Nesil Uygulama Geli\u015ftirme Platformu\"}]},{\"@type\":\"WebSite\",\"@id\":\"https:\/\/argelabs.com.tr\/us\/#website\",\"url\":\"https:\/\/argelabs.com.tr\/us\/\",\"name\":\"ArgeLabs Bili\u015fim Teknolojileri\",\"description\":\"Dijital \u0130novatif Uygulama ve Yaz\u0131l\u0131m\",\"publisher\":{\"@id\":\"https:\/\/argelabs.com.tr\/us\/#organization\"},\"potentialAction\":[{\"@type\":\"SearchAction\",\"target\":{\"@type\":\"EntryPoint\",\"urlTemplate\":\"https:\/\/argelabs.com.tr\/us\/?s={search_term_string}\"},\"query-input\":{\"@type\":\"PropertyValueSpecification\",\"valueRequired\":true,\"valueName\":\"search_term_string\"}}],\"inLanguage\":\"tr\"},{\"@type\":\"Organization\",\"@id\":\"https:\/\/argelabs.com.tr\/us\/#organization\",\"name\":\"ArgeLabs Bili\u015fim Teknolojileri\",\"url\":\"https:\/\/argelabs.com.tr\/us\/\",\"logo\":{\"@type\":\"ImageObject\",\"inLanguage\":\"tr\",\"@id\":\"https:\/\/argelabs.com.tr\/us\/#\/schema\/logo\/image\/\",\"url\":\"https:\/\/argelabs.com.tr\/us\/wp-content\/uploads\/2019\/11\/cropped-argelabs-logo-1.png\",\"contentUrl\":\"https:\/\/argelabs.com.tr\/us\/wp-content\/uploads\/2019\/11\/cropped-argelabs-logo-1.png\",\"width\":431,\"height\":99,\"caption\":\"ArgeLabs Bili\u015fim Teknolojileri\"},\"image\":{\"@id\":\"https:\/\/argelabs.com.tr\/us\/#\/schema\/logo\/image\/\"}}]}<\/script>\n<!-- \/ Yoast SEO plugin. -->","yoast_head_json":{"title":"Yeni Nesil Uygulama Geli\u015ftirme Platformu - ArgeLabs Bili\u015fim Teknolojileri","robots":{"index":"index","follow":"follow","max-snippet":"max-snippet:-1","max-image-preview":"max-image-preview:large","max-video-preview":"max-video-preview:-1"},"canonical":"https:\/\/argelabs.com.tr\/us\/yeni-nesil-uygulama-gelistirme-platformu\/","og_locale":"tr_TR","og_type":"article","og_title":"Yeni Nesil Uygulama Geli\u015ftirme Platformu - ArgeLabs Bili\u015fim Teknolojileri","og_description":"Next Generation Application Development Platform The Next Generation Application Development Platform is the platform where organizations can easily develop applications tailored to their needs. The most important advantages of the platform are as follows: Fast Development; Development speed increases as there are ready-made templates. It contributes to Agile Project Management. It reduces the development cost&hellip;&nbsp;Daha fazlas\u0131n\u0131 oku &raquo;Yeni Nesil Uygulama Geli\u015ftirme Platformu","og_url":"https:\/\/argelabs.com.tr\/us\/yeni-nesil-uygulama-gelistirme-platformu\/","og_site_name":"ArgeLabs Bili\u015fim Teknolojileri","article_modified_time":"2024-12-30T23:48:31+00:00","og_image":[{"url":"https:\/\/argelabs.com.tr\/us\/wp-content\/uploads\/2013\/10\/ozel_web_mobil_uygulama.png","type":"","width":"","height":""}],"twitter_card":"summary_large_image","twitter_misc":{"Tahmini okuma s\u00fcresi":"3 dakika"},"schema":{"@context":"https:\/\/schema.org","@graph":[{"@type":"WebPage","@id":"https:\/\/argelabs.com.tr\/us\/yeni-nesil-uygulama-gelistirme-platformu\/","url":"https:\/\/argelabs.com.tr\/us\/yeni-nesil-uygulama-gelistirme-platformu\/","name":"Yeni Nesil Uygulama Geli\u015ftirme Platformu - ArgeLabs Bili\u015fim Teknolojileri","isPartOf":{"@id":"https:\/\/argelabs.com.tr\/us\/#website"},"primaryImageOfPage":{"@id":"https:\/\/argelabs.com.tr\/us\/yeni-nesil-uygulama-gelistirme-platformu\/#primaryimage"},"image":{"@id":"https:\/\/argelabs.com.tr\/us\/yeni-nesil-uygulama-gelistirme-platformu\/#primaryimage"},"thumbnailUrl":"https:\/\/argelabs.com.tr\/us\/wp-content\/uploads\/2013\/10\/ozel_web_mobil_uygulama.png","datePublished":"2019-03-22T15:15:42+00:00","dateModified":"2024-12-30T23:48:31+00:00","breadcrumb":{"@id":"https:\/\/argelabs.com.tr\/us\/yeni-nesil-uygulama-gelistirme-platformu\/#breadcrumb"},"inLanguage":"tr","potentialAction":[{"@type":"ReadAction","target":["https:\/\/argelabs.com.tr\/us\/yeni-nesil-uygulama-gelistirme-platformu\/"]}]},{"@type":"ImageObject","inLanguage":"tr","@id":"https:\/\/argelabs.com.tr\/us\/yeni-nesil-uygulama-gelistirme-platformu\/#primaryimage","url":"https:\/\/argelabs.com.tr\/us\/wp-content\/uploads\/2013\/10\/ozel_web_mobil_uygulama.png","contentUrl":"https:\/\/argelabs.com.tr\/us\/wp-content\/uploads\/2013\/10\/ozel_web_mobil_uygulama.png","width":480,"height":271,"caption":"ozel-web-mobil-uygulama"},{"@type":"BreadcrumbList","@id":"https:\/\/argelabs.com.tr\/us\/yeni-nesil-uygulama-gelistirme-platformu\/#breadcrumb","itemListElement":[{"@type":"ListItem","position":1,"name":"Anasayfa","item":"https:\/\/argelabs.com.tr\/us\/"},{"@type":"ListItem","position":2,"name":"Yeni Nesil Uygulama Geli\u015ftirme Platformu"}]},{"@type":"WebSite","@id":"https:\/\/argelabs.com.tr\/us\/#website","url":"https:\/\/argelabs.com.tr\/us\/","name":"ArgeLabs Bili\u015fim Teknolojileri","description":"Dijital \u0130novatif Uygulama ve Yaz\u0131l\u0131m","publisher":{"@id":"https:\/\/argelabs.com.tr\/us\/#organization"},"potentialAction":[{"@type":"SearchAction","target":{"@type":"EntryPoint","urlTemplate":"https:\/\/argelabs.com.tr\/us\/?s={search_term_string}"},"query-input":{"@type":"PropertyValueSpecification","valueRequired":true,"valueName":"search_term_string"}}],"inLanguage":"tr"},{"@type":"Organization","@id":"https:\/\/argelabs.com.tr\/us\/#organization","name":"ArgeLabs Bili\u015fim Teknolojileri","url":"https:\/\/argelabs.com.tr\/us\/","logo":{"@type":"ImageObject","inLanguage":"tr","@id":"https:\/\/argelabs.com.tr\/us\/#\/schema\/logo\/image\/","url":"https:\/\/argelabs.com.tr\/us\/wp-content\/uploads\/2019\/11\/cropped-argelabs-logo-1.png","contentUrl":"https:\/\/argelabs.com.tr\/us\/wp-content\/uploads\/2019\/11\/cropped-argelabs-logo-1.png","width":431,"height":99,"caption":"ArgeLabs Bili\u015fim Teknolojileri"},"image":{"@id":"https:\/\/argelabs.com.tr\/us\/#\/schema\/logo\/image\/"}}]}},"_links":{"self":[{"href":"https:\/\/argelabs.com.tr\/us\/wp-json\/wp\/v2\/pages\/1977","targetHints":{"allow":["GET"]}}],"collection":[{"href":"https:\/\/argelabs.com.tr\/us\/wp-json\/wp\/v2\/pages"}],"about":[{"href":"https:\/\/argelabs.com.tr\/us\/wp-json\/wp\/v2\/types\/page"}],"author":[{"embeddable":true,"href":"https:\/\/argelabs.com.tr\/us\/wp-json\/wp\/v2\/users\/2"}],"replies":[{"embeddable":true,"href":"https:\/\/argelabs.com.tr\/us\/wp-json\/wp\/v2\/comments?post=1977"}],"version-history":[{"count":8,"href":"https:\/\/argelabs.com.tr\/us\/wp-json\/wp\/v2\/pages\/1977\/revisions"}],"predecessor-version":[{"id":3263,"href":"https:\/\/argelabs.com.tr\/us\/wp-json\/wp\/v2\/pages\/1977\/revisions\/3263"}],"wp:attachment":[{"href":"https:\/\/argelabs.com.tr\/us\/wp-json\/wp\/v2\/media?parent=1977"}],"curies":[{"name":"wp","href":"https:\/\/api.w.org\/{rel}","templated":true}]}}